{"id":406,"date":"2021-12-23T23:22:00","date_gmt":"2021-12-23T22:22:00","guid":{"rendered":"http:\/\/ac-sudtchad.org\/?page_id=406"},"modified":"2022-01-05T23:58:37","modified_gmt":"2022-01-05T22:58:37","slug":"quelques-actes-administratives-regissant-le-systeme-educatif-tchadien","status":"publish","type":"page","link":"https:\/\/ac-sudtchad.org\/?page_id=406","title":{"rendered":"Quelques actes administratives r\u00e9gissant le syst\u00e8me \u00e9ducatif tchadien"},"content":{"rendered":"\n<hr class=\"wp-block-separator aligncenter\"\/>\n\n\n\n<ul class=\"wp-block-list\"><li>D\u00e9cret N\u00b0 1133 portant organigramme du Minist\u00e8re de l\u2019Enseignement Sup\u00e9rieur, de la Recherche Scientifique et de l\u2019Innovation <a href=\"http:\/\/ac-sudtchad.org\/wp-content\/uploads\/2022\/01\/DecretorganigrammeMESRI.pdf\">T\u00e9l\u00e9charger<\/a><\/li><li>D\u00e9cret N\u00b0 1762 portant r\u00e9organisation des Acad\u00e9mies de l\u2019\u00c9ducation Nationale. <a href=\"http:\/\/ac-sudtchad.org\/wp-content\/uploads\/2022\/01\/DecretAcade\u0301mies.pdf\">T\u00e9l\u00e9charger<\/a><\/li><li>D\u00e9cret  N\u00b0 1881 portant statut des Universit\u00e9s publiques  du Tchad    <a href=\"http:\/\/ac-sudtchad.org\/wp-content\/uploads\/2022\/01\/staut.pdf\">T\u00e9l\u00e9charger<\/a> <\/li><li>Loi N\u00b016 du 13 mars 2006 portant Orientation du Syst\u00e8me \u00c9ducatif Tchadien. <a href=\"http:\/\/ac-sudtchad.org\/wp-content\/uploads\/2022\/01\/Loi.pdf\">T\u00e9l\u00e9charger<\/a><\/li><li>Fiche de renseignement pour la d\u00e9livrance la carte professionnelle. <a href=\"http:\/\/ac-sudtchad.org\/wp-content\/uploads\/2022\/01\/Fiche.docx\">T\u00e9l\u00e9charger<\/a><\/li><\/ul>\n","protected":false},"excerpt":{"rendered":"<p>D\u00e9cret N\u00b0 1133 portant organigramme du Minist\u00e8re de l\u2019Enseignement Sup\u00e9rieur, de la Recherche Scientifique et de l\u2019Innovation T\u00e9l\u00e9charger D\u00e9cret N\u00b0 1762 portant r\u00e9organisation des Acad\u00e9mies de l\u2019\u00c9ducation Nationale. T\u00e9l\u00e9charger D\u00e9cret &hellip; <\/p>\n","protected":false},"author":1,"featured_media":0,"parent":0,"menu_order":0,"comment_status":"closed","ping_status":"closed","template":"","meta":{"cybocfi_hide_featured_image":"","footnotes":""},"class_list":["post-406","page","type-page","status-publish","hentry"],"_links":{"self":[{"href":"https:\/\/ac-sudtchad.org\/index.php?rest_route=\/wp\/v2\/pages\/406","targetHints":{"allow":["GET"]}}],"collection":[{"href":"https:\/\/ac-sudtchad.org\/index.php?rest_route=\/wp\/v2\/pages"}],"about":[{"href":"https:\/\/ac-sudtchad.org\/index.php?rest_route=\/wp\/v2\/types\/page"}],"author":[{"embeddable":true,"href":"https:\/\/ac-sudtchad.org\/index.php?rest_route=\/wp\/v2\/users\/1"}],"replies":[{"embeddable":true,"href":"https:\/\/ac-sudtchad.org\/index.php?rest_route=%2Fwp%2Fv2%2Fcomments&post=406"}],"version-history":[{"count":3,"href":"https:\/\/ac-sudtchad.org\/index.php?rest_route=\/wp\/v2\/pages\/406\/revisions"}],"predecessor-version":[{"id":419,"href":"https:\/\/ac-sudtchad.org\/index.php?rest_route=\/wp\/v2\/pages\/406\/revisions\/419"}],"wp:attachment":[{"href":"https:\/\/ac-sudtchad.org\/index.php?rest_route=%2Fwp%2Fv2%2Fmedia&parent=406"}],"curies":[{"name":"wp","href":"https:\/\/api.w.org\/{rel}","templated":true}]}}