{"id":322,"date":"2021-12-22T23:04:16","date_gmt":"2021-12-22T22:04:16","guid":{"rendered":"http:\/\/localhost\/academie-sud\/?page_id=322"},"modified":"2022-11-24T11:31:59","modified_gmt":"2022-11-24T10:31:59","slug":"textes-juridisques","status":"publish","type":"page","link":"https:\/\/ac-sudtchad.org\/?page_id=322","title":{"rendered":"Textes juridiques"},"content":{"rendered":"\n<h2 class=\"text_justify wp-block-heading\">Loi N\u00b016\/PR\/2006 du 6 mars 2006, portant Orientation du Syst\u00e8me Educatif Tchadien<\/h2>\n\n\n\n<h2 class=\"text_justify wp-block-heading\">Octobre 2018: r\u00e9union avec les Ministres en charge du syst\u00e8me \u00e9ducatif pr\u00e9sid\u00e9 par le chef de l\u2019Etat<\/h2>\n\n\n\n<h2 class=\"text_justify wp-block-heading\">Instruction du Chef de l\u2019Etat au Ministre SGP pour l\u2019op\u00e9rationnalisation imm\u00e9diate des acad\u00e9mies:\u00a0 D\u00e9cret N\u00b01855\/PR\/MESRI\/2018 du 23\/12\/2018 portant nomination des Recteurs et les Secr\u00e9taires G\u00e9n\u00e9raux d\u2019Acad\u00e9mie.<\/h2>\n","protected":false},"excerpt":{"rendered":"<p>Loi N\u00b016\/PR\/2006 du 6 mars 2006, portant Orientation du Syst\u00e8me Educatif Tchadien Octobre 2018: r\u00e9union avec les Ministres en charge du syst\u00e8me \u00e9ducatif pr\u00e9sid\u00e9 par le chef de l\u2019Etat Instruction &hellip; <\/p>\n","protected":false},"author":1,"featured_media":0,"parent":0,"menu_order":0,"comment_status":"closed","ping_status":"closed","template":"","meta":{"cybocfi_hide_featured_image":"","footnotes":""},"class_list":["post-322","page","type-page","status-publish","hentry"],"_links":{"self":[{"href":"https:\/\/ac-sudtchad.org\/index.php?rest_route=\/wp\/v2\/pages\/322","targetHints":{"allow":["GET"]}}],"collection":[{"href":"https:\/\/ac-sudtchad.org\/index.php?rest_route=\/wp\/v2\/pages"}],"about":[{"href":"https:\/\/ac-sudtchad.org\/index.php?rest_route=\/wp\/v2\/types\/page"}],"author":[{"embeddable":true,"href":"https:\/\/ac-sudtchad.org\/index.php?rest_route=\/wp\/v2\/users\/1"}],"replies":[{"embeddable":true,"href":"https:\/\/ac-sudtchad.org\/index.php?rest_route=%2Fwp%2Fv2%2Fcomments&post=322"}],"version-history":[{"count":3,"href":"https:\/\/ac-sudtchad.org\/index.php?rest_route=\/wp\/v2\/pages\/322\/revisions"}],"predecessor-version":[{"id":525,"href":"https:\/\/ac-sudtchad.org\/index.php?rest_route=\/wp\/v2\/pages\/322\/revisions\/525"}],"wp:attachment":[{"href":"https:\/\/ac-sudtchad.org\/index.php?rest_route=%2Fwp%2Fv2%2Fmedia&parent=322"}],"curies":[{"name":"wp","href":"https:\/\/api.w.org\/{rel}","templated":true}]}}