{"id":318,"date":"2021-12-22T23:03:05","date_gmt":"2021-12-22T22:03:05","guid":{"rendered":"http:\/\/localhost\/academie-sud\/?page_id=318"},"modified":"2022-11-24T11:08:37","modified_gmt":"2022-11-24T10:08:37","slug":"historique-2","status":"publish","type":"page","link":"https:\/\/ac-sudtchad.org\/?page_id=318","title":{"rendered":"Historique"},"content":{"rendered":"\n<p><strong>Syst\u00e8me \u00e9ducatif tchadien:<\/strong><\/p>\n\n\n\n<p>Les dysfonctionnement li\u00e9 \u00e0 la mauvaise gestion des ressources humaines et financi\u00e8res malgr\u00e9 tous les efforts fournis par l\u2019Etat et les Partenaires Techniques et Financiers ces 10 derni\u00e8res ann\u00e9es.<\/p>\n\n\n\n<ul class=\"wp-block-list\">\n<li>Mat\u00e9riels et les moyens p\u00e9dagogiques n\u2019atteignant pas souvent les \u00e9tablissements scolaires\u00a0;<\/li>\n<\/ul>\n\n\n\n<ul class=\"wp-block-list\">\n<li>R\u00e9partition in\u00e9gale des enseignants; D\u00e9perdition des enseignants mobilis\u00e9s sur le terrain<\/li>\n\n\n\n<li>D\u00e9perdition des enseignants mobilis\u00e9s sur le terrain.<\/li>\n<\/ul>\n\n\n\n<p><strong>E<\/strong><strong>nqu\u00eate parlementaire \u00a0et  r<\/strong><strong>apport sur <\/strong><strong>le syst\u00e8me \u00e9ducatif du 22 juin 2018.<\/strong><\/p>\n\n\n\n<ul class=\"wp-block-list\">\n<li>Probl\u00e8mes de l\u2019\u00e9cole tchadienne. <\/li>\n\n\n\n<li>Recommandations de l\u2019AN: d\u00e9centralisation du dispositif \u00e9ducatif par \u00a0\u00fcop\u00e9rationnalisation des 8 acad\u00e9mies de l\u2019Education Nationale cr\u00e9\u00e9es en 2014 par D\u00e9cret N\u00b0860\/PR\/PM\/MEN\/2014 du 14 aout 2014.<\/li>\n<\/ul>\n\n\n\n<p><strong>Acad\u00e9mies<\/strong>: 8 p\u00f4les autonomes d\u2019organisation, d\u2019ex\u00e9cution, d\u2019encadrement et de suivi des activit\u00e9s des diff\u00e9rents d\u00e9membrements du syst\u00e8me \u00e9ducatif du pr\u00e9scolaire jusqu\u2019au sup\u00e9rieur en passant le primaire, le moyen et le secondaire.<\/p>\n\n\n\n<figure class=\"wp-block-image size-large\"><img loading=\"lazy\" decoding=\"async\" width=\"1024\" height=\"576\" src=\"http:\/\/ac-sudtchad.org\/wp-content\/uploads\/2022\/11\/Diapositive1-1024x576.jpg\" alt=\"\" class=\"wp-image-515\" srcset=\"https:\/\/ac-sudtchad.org\/wp-content\/uploads\/2022\/11\/Diapositive1-1024x576.jpg 1024w, https:\/\/ac-sudtchad.org\/wp-content\/uploads\/2022\/11\/Diapositive1-300x169.jpg 300w, https:\/\/ac-sudtchad.org\/wp-content\/uploads\/2022\/11\/Diapositive1-768x432.jpg 768w, https:\/\/ac-sudtchad.org\/wp-content\/uploads\/2022\/11\/Diapositive1.jpg 1280w\" sizes=\"auto, (max-width: 1024px) 100vw, 1024px\" \/><\/figure>\n","protected":false},"excerpt":{"rendered":"<p>Syst\u00e8me \u00e9ducatif tchadien: Les dysfonctionnement li\u00e9 \u00e0 la mauvaise gestion des ressources humaines et financi\u00e8res malgr\u00e9 tous les efforts fournis par l\u2019Etat et les Partenaires Techniques et Financiers ces 10 &hellip; <\/p>\n","protected":false},"author":1,"featured_media":0,"parent":0,"menu_order":0,"comment_status":"closed","ping_status":"closed","template":"","meta":{"cybocfi_hide_featured_image":"","footnotes":""},"class_list":["post-318","page","type-page","status-publish","hentry"],"_links":{"self":[{"href":"https:\/\/ac-sudtchad.org\/index.php?rest_route=\/wp\/v2\/pages\/318","targetHints":{"allow":["GET"]}}],"collection":[{"href":"https:\/\/ac-sudtchad.org\/index.php?rest_route=\/wp\/v2\/pages"}],"about":[{"href":"https:\/\/ac-sudtchad.org\/index.php?rest_route=\/wp\/v2\/types\/page"}],"author":[{"embeddable":true,"href":"https:\/\/ac-sudtchad.org\/index.php?rest_route=\/wp\/v2\/users\/1"}],"replies":[{"embeddable":true,"href":"https:\/\/ac-sudtchad.org\/index.php?rest_route=%2Fwp%2Fv2%2Fcomments&post=318"}],"version-history":[{"count":3,"href":"https:\/\/ac-sudtchad.org\/index.php?rest_route=\/wp\/v2\/pages\/318\/revisions"}],"predecessor-version":[{"id":519,"href":"https:\/\/ac-sudtchad.org\/index.php?rest_route=\/wp\/v2\/pages\/318\/revisions\/519"}],"wp:attachment":[{"href":"https:\/\/ac-sudtchad.org\/index.php?rest_route=%2Fwp%2Fv2%2Fmedia&parent=318"}],"curies":[{"name":"wp","href":"https:\/\/api.w.org\/{rel}","templated":true}]}}